{"id":12,"date":"2023-07-04T21:46:03","date_gmt":"2023-07-04T19:46:03","guid":{"rendered":"https:\/\/baretoustrail.com\/?page_id=12"},"modified":"2025-07-23T20:24:46","modified_gmt":"2025-07-23T18:24:46","slug":"jardin-des-fees-15km","status":"publish","type":"page","link":"https:\/\/baretoustrail.com\/?page_id=12","title":{"rendered":"Jardin des F\u00e9es (15km)"},"content":{"rendered":"\n<div class=\"wp-block-group alignfull has-background\" style=\"background:linear-gradient(34deg,rgb(243,245,246) 0%,rgb(204,242,14) 100%);padding-top:6vw;padding-right:6vw;padding-bottom:6vw;padding-left:6vw\"><div class=\"wp-block-group__inner-container is-layout-flow wp-block-group-is-layout-flow\">\n<div class=\"wp-block-group is-vertical is-nowrap is-layout-flex wp-container-core-group-is-layout-287ef9cb wp-block-group-is-layout-flex\" style=\"padding-right:0;padding-left:0\">\n<p class=\"has-text-align-left has-text-color\" style=\"color:#000000;font-size:40px;font-style:normal;font-weight:700;letter-spacing:0px;line-height:0.9;text-decoration:none;text-transform:none\">Pour profiter des cr\u00eates<\/p>\n<\/div>\n\n\n\n<div style=\"height:1vw\" aria-hidden=\"true\" class=\"wp-block-spacer\"><\/div>\n\n\n\n<div class=\"wp-block-group alignwide is-vertical is-nowrap is-layout-flex wp-container-core-group-is-layout-8171334d wp-block-group-is-layout-flex\" style=\"padding-top:0;padding-right:0;padding-bottom:0;padding-left:0\">\n<div class=\"wp-block-columns alignwide is-layout-flex wp-container-core-columns-is-layout-2656d967 wp-block-columns-is-layout-flex\">\n<div class=\"wp-block-column is-layout-flow wp-block-column-is-layout-flow\" style=\"flex-basis:33.38%\">\n<p class=\"has-text-color\" style=\"color:#000000;font-size:14px\">Ce parcours te permettra de rester un maximum sur les hauteurs et d&rsquo;en prendre plein les mirettes.<\/p>\n\n\n\n<p class=\"has-text-color\" style=\"color:#000000;font-size:14px\">Un 15km tout plaisir pour d\u00e9couvrir les collines baretounaises avec des difficult\u00e9s mod\u00e9r\u00e9es, juste ce qu&rsquo;il faut.<\/p>\n<\/div>\n\n\n\n<div class=\"wp-block-column is-layout-flow wp-block-column-is-layout-flow\" style=\"flex-basis:33%\">\n<div style=\"height:5px\" aria-hidden=\"true\" class=\"wp-block-spacer\"><\/div>\n\n\n\n<div class=\"wp-block-cover is-light\"><img loading=\"lazy\" decoding=\"async\" width=\"2048\" height=\"1536\" class=\"wp-block-cover__image-background wp-image-262\" alt=\"\" src=\"https:\/\/baretoustrail.com\/wp-content\/uploads\/2023\/07\/Baretous-6.jpg\" data-object-fit=\"cover\" srcset=\"https:\/\/baretoustrail.com\/wp-content\/uploads\/2023\/07\/Baretous-6.jpg 2048w, https:\/\/baretoustrail.com\/wp-content\/uploads\/2023\/07\/Baretous-6-300x225.jpg 300w, https:\/\/baretoustrail.com\/wp-content\/uploads\/2023\/07\/Baretous-6-1024x768.jpg 1024w, https:\/\/baretoustrail.com\/wp-content\/uploads\/2023\/07\/Baretous-6-768x576.jpg 768w, https:\/\/baretoustrail.com\/wp-content\/uploads\/2023\/07\/Baretous-6-1536x1152.jpg 1536w\" sizes=\"auto, (max-width: 2048px) 100vw, 2048px\" \/><span aria-hidden=\"true\" class=\"wp-block-cover__background has-background-dim\"><\/span><div class=\"wp-block-cover__inner-container is-layout-flow wp-block-cover-is-layout-flow\">\n<p class=\"has-text-align-center has-large-font-size\"><\/p>\n<\/div><\/div>\n<\/div>\n\n\n\n<div class=\"wp-block-column is-layout-flow wp-block-column-is-layout-flow\" style=\"flex-basis:33.62%\">\n<figure class=\"wp-block-image size-large is-style-rounded\"><img loading=\"lazy\" decoding=\"async\" width=\"1024\" height=\"681\" src=\"https:\/\/baretoustrail.com\/wp-content\/uploads\/2023\/07\/309384770_409241541380058_6707172211645383347_n-1-1024x681.jpg\" alt=\"\" class=\"wp-image-263\" srcset=\"https:\/\/baretoustrail.com\/wp-content\/uploads\/2023\/07\/309384770_409241541380058_6707172211645383347_n-1-1024x681.jpg 1024w, https:\/\/baretoustrail.com\/wp-content\/uploads\/2023\/07\/309384770_409241541380058_6707172211645383347_n-1-300x200.jpg 300w, https:\/\/baretoustrail.com\/wp-content\/uploads\/2023\/07\/309384770_409241541380058_6707172211645383347_n-1-768x511.jpg 768w, https:\/\/baretoustrail.com\/wp-content\/uploads\/2023\/07\/309384770_409241541380058_6707172211645383347_n-1-1536x1022.jpg 1536w, https:\/\/baretoustrail.com\/wp-content\/uploads\/2023\/07\/309384770_409241541380058_6707172211645383347_n-1.jpg 1936w\" sizes=\"auto, (max-width: 1024px) 100vw, 1024px\" \/><\/figure>\n<\/div>\n<\/div>\n\n\n\n<div class=\"wp-block-columns alignwide is-layout-flex wp-container-core-columns-is-layout-724a882f wp-block-columns-is-layout-flex\">\n<div class=\"wp-block-column is-layout-flow wp-block-column-is-layout-flow\" style=\"flex-basis:69%\">\n<figure class=\"wp-block-image size-full\"><img loading=\"lazy\" decoding=\"async\" width=\"960\" height=\"540\" src=\"https:\/\/baretoustrail.com\/wp-content\/uploads\/2023\/07\/Baretous-4-1.jpg\" alt=\"\" class=\"wp-image-261\" srcset=\"https:\/\/baretoustrail.com\/wp-content\/uploads\/2023\/07\/Baretous-4-1.jpg 960w, https:\/\/baretoustrail.com\/wp-content\/uploads\/2023\/07\/Baretous-4-1-300x169.jpg 300w, https:\/\/baretoustrail.com\/wp-content\/uploads\/2023\/07\/Baretous-4-1-768x432.jpg 768w, https:\/\/baretoustrail.com\/wp-content\/uploads\/2023\/07\/Baretous-4-1-800x450.jpg 800w\" sizes=\"auto, (max-width: 960px) 100vw, 960px\" \/><\/figure>\n<\/div>\n\n\n\n<div class=\"wp-block-column is-vertically-aligned-center is-layout-flow wp-block-column-is-layout-flow\" style=\"flex-basis:33%\">\n<p class=\"has-text-color\" style=\"color:#000000;font-size:14px\">Te voici au Jardin des F\u00e9es. Reprends ton souffle , admires, profites des couleurs et de la lumi\u00e8re si particuli\u00e8re du mois d&rsquo;Octobre<\/p>\n\n\n\n<p class=\"has-large-font-size\">15km  650+<\/p>\n\n\n\n<p class=\"has-large-font-size\">3 Ravito<\/p>\n\n\n\n<div class=\"wp-block-buttons is-layout-flex wp-block-buttons-is-layout-flex\">\n<div class=\"wp-block-button\"><a class=\"wp-block-button__link wp-element-button\" href=\"https:\/\/pyreneeschrono.fr\/evenement\/trail-du-baretous\/\" target=\"_blank\" rel=\"noreferrer noopener\">INSCRIPTIONS<\/a><\/div>\n<\/div>\n\n\n\n<div style=\"height:2vw\" aria-hidden=\"true\" class=\"wp-block-spacer\"><\/div>\n<\/div>\n<\/div>\n<\/div>\n\n\n\n<iframe loading=\"lazy\" frameBorder=\"0\" scrolling=\"no\" src=\"https:\/\/fr.wikiloc.com\/wikiloc\/embedv2.do?id=223252070&#038;elevation=on&#038;images=off&#038;maptype=M\" width=\"600\" height=\"500\"><\/iframe><div style=\"color:#777;font-size:11px;line-height:16px;\">Powered by&nbsp;<a style=\"color:#4C8C2B;font-size:11px;line-height:16px;\" target=\"_blank\" href=\"https:\/\/fr.wikiloc.com\">Wikiloc<\/a><\/div>\n<\/div><\/div>\n\n\n\n<p><\/p>\n","protected":false},"excerpt":{"rendered":"<p>Pour profiter des cr\u00eates Ce parcours te permettra de rester un maximum sur les hauteurs et d&rsquo;en prendre plein les mirettes. Un 15km tout plaisir pour d\u00e9couvrir les collines baretounaises avec des difficult\u00e9s mod\u00e9r\u00e9es, juste ce qu&rsquo;il faut. Te voici au Jardin des F\u00e9es. Reprends ton souffle , admires, profites des couleurs et de la [&hellip;]<\/p>\n","protected":false},"author":1,"featured_media":0,"parent":0,"menu_order":0,"comment_status":"closed","ping_status":"closed","template":"","meta":{"footnotes":""},"class_list":["post-12","page","type-page","status-publish","hentry","entry"],"_links":{"self":[{"href":"https:\/\/baretoustrail.com\/index.php?rest_route=\/wp\/v2\/pages\/12","targetHints":{"allow":["GET"]}}],"collection":[{"href":"https:\/\/baretoustrail.com\/index.php?rest_route=\/wp\/v2\/pages"}],"about":[{"href":"https:\/\/baretoustrail.com\/index.php?rest_route=\/wp\/v2\/types\/page"}],"author":[{"embeddable":true,"href":"https:\/\/baretoustrail.com\/index.php?rest_route=\/wp\/v2\/users\/1"}],"replies":[{"embeddable":true,"href":"https:\/\/baretoustrail.com\/index.php?rest_route=%2Fwp%2Fv2%2Fcomments&post=12"}],"version-history":[{"count":10,"href":"https:\/\/baretoustrail.com\/index.php?rest_route=\/wp\/v2\/pages\/12\/revisions"}],"predecessor-version":[{"id":521,"href":"https:\/\/baretoustrail.com\/index.php?rest_route=\/wp\/v2\/pages\/12\/revisions\/521"}],"wp:attachment":[{"href":"https:\/\/baretoustrail.com\/index.php?rest_route=%2Fwp%2Fv2%2Fmedia&parent=12"}],"curies":[{"name":"wp","href":"https:\/\/api.w.org\/{rel}","templated":true}]}}