{"id":41,"date":"2023-07-02T20:00:57","date_gmt":"2023-07-02T18:00:57","guid":{"rendered":"https:\/\/baretoustrail.com\/index.php\/home\/"},"modified":"2025-07-23T20:07:41","modified_gmt":"2025-07-23T18:07:41","slug":"home","status":"publish","type":"page","link":"https:\/\/baretoustrail.com\/","title":{"rendered":"Bienvenus sur cette 22\u00e8me \u00e9dition"},"content":{"rendered":"\n<p><\/p>\n\n\n\n<p>Oloron \u00d4 Bearn Sport Nature a le plaisir de vous accueillir une nouvelle fois en vall\u00e9e de Baretous pour cette 22\u00e8me \u00e9dition avec ces 3 traditionnels parcours Trail . <\/p>\n\n\n\n<p class=\"has-black-color has-text-color has-link-color has-medium-font-size wp-elements-2bb1731dfa840827fb791fc48e56ac8b\">DU NOUVEAU CETTE ANNEE !!! le 25 et le 15 changent de sens<\/p>\n\n\n\n<p>Avec ses magnifiques couleurs d&rsquo;automne, la basse Vall\u00e9e de Baretous vous r\u00e9v\u00e8lera toutes ses richesses dans un environnement pastoral. Pistes, ruisseaux, for\u00eats profondes, sentiers abruptes, singles tracks joueurs : tout est r\u00e9uni pour des parcours vari\u00e9s et aux d\u00e9nivel\u00e9s \u00e9quilibr\u00e9s. Comme de coutume, le repas qui vous sera servi (en le r\u00e9servant lors de votre inscription) b\u00e9n\u00e9ficiera \u00e0 l&rsquo;association Vaincre la Mucoviscidose. Et puis bien \u00e9videmment, l&rsquo;organisation gr\u00e2ce \u00e0 la commune d&rsquo;Arette soutiendra la lutte contre la SLA.<\/p>\n\n\n\n<p><\/p>\n\n\n<div class=\"wp-block-image\">\n<figure class=\"aligncenter size-large is-resized\"><img loading=\"lazy\" decoding=\"async\" width=\"724\" height=\"1024\" src=\"https:\/\/baretoustrail.com\/wp-content\/uploads\/2025\/07\/Affiche-Bareous_2025-01-724x1024.jpg\" alt=\"\" class=\"wp-image-514\" style=\"width:478px;height:675px\" srcset=\"https:\/\/baretoustrail.com\/wp-content\/uploads\/2025\/07\/Affiche-Bareous_2025-01-724x1024.jpg 724w, https:\/\/baretoustrail.com\/wp-content\/uploads\/2025\/07\/Affiche-Bareous_2025-01-212x300.jpg 212w, https:\/\/baretoustrail.com\/wp-content\/uploads\/2025\/07\/Affiche-Bareous_2025-01-768x1086.jpg 768w, https:\/\/baretoustrail.com\/wp-content\/uploads\/2025\/07\/Affiche-Bareous_2025-01-1086x1536.jpg 1086w, https:\/\/baretoustrail.com\/wp-content\/uploads\/2025\/07\/Affiche-Bareous_2025-01.jpg 1240w\" sizes=\"auto, (max-width: 724px) 100vw, 724px\" \/><\/figure>\n<\/div>\n\n\n<div class=\"wp-block-columns is-layout-flex wp-container-core-columns-is-layout-9d6595d7 wp-block-columns-is-layout-flex\">\n<div class=\"wp-block-column is-layout-flow wp-block-column-is-layout-flow\" style=\"flex-basis:50%\">\n<div class=\"wp-block-cover is-light has-white-color has-text-color has-x-large-font-size\"><img loading=\"lazy\" decoding=\"async\" width=\"2048\" height=\"1365\" class=\"wp-block-cover__image-background wp-image-348\" alt=\"\" src=\"https:\/\/baretoustrail.com\/wp-content\/uploads\/2023\/07\/Traileur-15km.jpg\" style=\"object-position:65% 33%\" data-object-fit=\"cover\" data-object-position=\"65% 33%\" srcset=\"https:\/\/baretoustrail.com\/wp-content\/uploads\/2023\/07\/Traileur-15km.jpg 2048w, https:\/\/baretoustrail.com\/wp-content\/uploads\/2023\/07\/Traileur-15km-300x200.jpg 300w, https:\/\/baretoustrail.com\/wp-content\/uploads\/2023\/07\/Traileur-15km-1024x683.jpg 1024w, https:\/\/baretoustrail.com\/wp-content\/uploads\/2023\/07\/Traileur-15km-768x512.jpg 768w, https:\/\/baretoustrail.com\/wp-content\/uploads\/2023\/07\/Traileur-15km-1536x1024.jpg 1536w\" sizes=\"auto, (max-width: 2048px) 100vw, 2048px\" \/><span aria-hidden=\"true\" class=\"wp-block-cover__background has-background-dim\"><\/span><div class=\"wp-block-cover__inner-container is-layout-constrained wp-block-cover-is-layout-constrained\">\n<p class=\"has-text-align-center has-white-color has-text-color has-x-large-font-size\"><a href=\"https:\/\/baretoustrail.com\/?page_id=12\">15 km<\/a><\/p>\n<\/div><\/div>\n<\/div>\n\n\n\n<div class=\"wp-block-column is-layout-flow wp-block-column-is-layout-flow\" style=\"flex-basis:50%\">\n<div class=\"wp-block-cover is-light has-white-color has-text-color\"><img loading=\"lazy\" decoding=\"async\" width=\"1224\" height=\"1840\" class=\"wp-block-cover__image-background wp-image-350\" alt=\"\" src=\"https:\/\/baretoustrail.com\/wp-content\/uploads\/2023\/07\/Traileurs-duo-1.jpg\" data-object-fit=\"cover\" srcset=\"https:\/\/baretoustrail.com\/wp-content\/uploads\/2023\/07\/Traileurs-duo-1.jpg 1224w, https:\/\/baretoustrail.com\/wp-content\/uploads\/2023\/07\/Traileurs-duo-1-200x300.jpg 200w, https:\/\/baretoustrail.com\/wp-content\/uploads\/2023\/07\/Traileurs-duo-1-681x1024.jpg 681w, https:\/\/baretoustrail.com\/wp-content\/uploads\/2023\/07\/Traileurs-duo-1-768x1155.jpg 768w, https:\/\/baretoustrail.com\/wp-content\/uploads\/2023\/07\/Traileurs-duo-1-1022x1536.jpg 1022w\" sizes=\"auto, (max-width: 1224px) 100vw, 1224px\" \/><span aria-hidden=\"true\" class=\"wp-block-cover__background has-background-dim-20 has-background-dim\"><\/span><div class=\"wp-block-cover__inner-container is-layout-constrained wp-block-cover-is-layout-constrained\">\n<p class=\"has-text-align-center has-white-color has-text-color has-x-large-font-size\"><a href=\"https:\/\/baretoustrail.com\/?page_id=13\">25 km<\/a><\/p>\n<\/div><\/div>\n<\/div>\n<\/div>\n\n\n\n<div class=\"wp-block-columns is-layout-flex wp-container-core-columns-is-layout-9d6595d7 wp-block-columns-is-layout-flex\">\n<div class=\"wp-block-column is-layout-flow wp-block-column-is-layout-flow\" style=\"flex-basis:50%\">\n<div class=\"wp-block-cover has-white-color has-text-color\"><img loading=\"lazy\" decoding=\"async\" width=\"636\" height=\"960\" class=\"wp-block-cover__image-background wp-image-351\" alt=\"\" src=\"https:\/\/baretoustrail.com\/wp-content\/uploads\/2023\/07\/Traileur-9km-1.jpg\" data-object-fit=\"cover\" srcset=\"https:\/\/baretoustrail.com\/wp-content\/uploads\/2023\/07\/Traileur-9km-1.jpg 636w, https:\/\/baretoustrail.com\/wp-content\/uploads\/2023\/07\/Traileur-9km-1-199x300.jpg 199w\" sizes=\"auto, (max-width: 636px) 100vw, 636px\" \/><span aria-hidden=\"true\" class=\"wp-block-cover__background has-background-dim\"><\/span><div class=\"wp-block-cover__inner-container is-layout-constrained wp-block-cover-is-layout-constrained\">\n<p class=\"has-text-align-center has-white-color has-text-color has-x-large-font-size\"><a href=\"https:\/\/baretoustrail.com\/?page_id=11\">9 km<\/a><\/p>\n<\/div><\/div>\n<\/div>\n\n\n\n<div class=\"wp-block-column is-layout-flow wp-block-column-is-layout-flow\" style=\"flex-basis:50%\"><\/div>\n<\/div>\n","protected":false},"excerpt":{"rendered":"<p>Oloron \u00d4 Bearn Sport Nature a le plaisir de vous accueillir une nouvelle fois en vall\u00e9e de Baretous pour cette 22\u00e8me \u00e9dition avec ces 3 traditionnels parcours Trail . DU NOUVEAU CETTE ANNEE !!! le 25 et le 15 changent de sens Avec ses magnifiques couleurs d&rsquo;automne, la basse Vall\u00e9e de Baretous vous r\u00e9v\u00e8lera toutes [&hellip;]<\/p>\n","protected":false},"author":1,"featured_media":0,"parent":0,"menu_order":0,"comment_status":"closed","ping_status":"closed","template":"","meta":{"footnotes":""},"class_list":["post-41","page","type-page","status-publish","hentry","entry"],"_links":{"self":[{"href":"https:\/\/baretoustrail.com\/index.php?rest_route=\/wp\/v2\/pages\/41","targetHints":{"allow":["GET"]}}],"collection":[{"href":"https:\/\/baretoustrail.com\/index.php?rest_route=\/wp\/v2\/pages"}],"about":[{"href":"https:\/\/baretoustrail.com\/index.php?rest_route=\/wp\/v2\/types\/page"}],"author":[{"embeddable":true,"href":"https:\/\/baretoustrail.com\/index.php?rest_route=\/wp\/v2\/users\/1"}],"replies":[{"embeddable":true,"href":"https:\/\/baretoustrail.com\/index.php?rest_route=%2Fwp%2Fv2%2Fcomments&post=41"}],"version-history":[{"count":19,"href":"https:\/\/baretoustrail.com\/index.php?rest_route=\/wp\/v2\/pages\/41\/revisions"}],"predecessor-version":[{"id":515,"href":"https:\/\/baretoustrail.com\/index.php?rest_route=\/wp\/v2\/pages\/41\/revisions\/515"}],"wp:attachment":[{"href":"https:\/\/baretoustrail.com\/index.php?rest_route=%2Fwp%2Fv2%2Fmedia&parent=41"}],"curies":[{"name":"wp","href":"https:\/\/api.w.org\/{rel}","templated":true}]}}